{"id":89,"date":"2023-03-04T21:37:03","date_gmt":"2023-03-05T02:37:03","guid":{"rendered":"https:\/\/angaje.org\/?page_id=89"},"modified":"2023-03-04T23:21:50","modified_gmt":"2023-03-05T04:21:50","slug":"devenir-membre","status":"publish","type":"page","link":"https:\/\/angaje.org\/en\/become-a-member","title":{"rendered":"Become a member"},"content":{"rendered":"<blockquote><p>Conditions for becoming a volunteer member of the National Association of Great Activists for Educated Youth (ANGAJE)<\/p><\/blockquote>\n<p>We are delighted that you want to join ANGAJE as a volunteer member. The conditions for becoming a volunteer member are as follows:<\/p>\n<ol>\n<li>Adherence to ANGAJE&#039;s mission: as a volunteer member, you must agree with ANGAJE&#039;s mission, which is to promote the education and personal development of young people.<\/li>\n<li>Be at least 18 years old: all volunteer members must be at least 18 years old to be able to join ANGAJE.<\/li>\n<li>Complete a membership application form: you will need to complete a membership application form which will be reviewed by the ANGAJE Board of Directors.<\/li>\n<li>Actively participate in ANGAJE&#039;s activities: volunteer members must be ready to engage in ANGAJE&#039;s activities and actively participate in the association&#039;s projects.<\/li>\n<li>Comply with ANGAJE&#039;s rules and policies: As a volunteer member, you must comply with ANGAJE&#039;s rules and policies, including the Privacy Policy and Website Terms of Use.<\/li>\n<li>Be available for an interview with the ANGAJE Board of Directors: Before being accepted as a volunteer member, you will need to be available for an interview with the ANGAJE Board of Directors to discuss your commitment and your motivations for joining the association.<\/li>\n<\/ol>\n<p>We appreciate your interest in joining ANGAJE as a volunteer member and look forward to working with you to promote education and youth development.<\/p>","protected":false},"excerpt":{"rendered":"<p>Conditions pour devenir membre b\u00e9n\u00e9vole de l&rsquo;Association Nationale des Grands Activistes pour une Jeunesse \u00c9duqu\u00e9e (ANGAJE) Nous sommes ravis que vous souhaitiez rejoindre l&rsquo;ANGAJE en tant que membre b\u00e9n\u00e9vole. Les &#8230;<\/p>","protected":false},"author":2,"featured_media":8,"parent":0,"menu_order":0,"comment_status":"closed","ping_status":"closed","template":"","meta":{"_seopress_robots_primary_cat":"","_seopress_titles_title":"","_seopress_titles_desc":"","_seopress_robots_index":"","footnotes":""},"class_list":["post-89","page","type-page","status-publish","has-post-thumbnail","hentry"],"jetpack_sharing_enabled":true,"_links":{"self":[{"href":"https:\/\/angaje.org\/en\/wp-json\/wp\/v2\/pages\/89","targetHints":{"allow":["GET"]}}],"collection":[{"href":"https:\/\/angaje.org\/en\/wp-json\/wp\/v2\/pages"}],"about":[{"href":"https:\/\/angaje.org\/en\/wp-json\/wp\/v2\/types\/page"}],"author":[{"embeddable":true,"href":"https:\/\/angaje.org\/en\/wp-json\/wp\/v2\/users\/2"}],"replies":[{"embeddable":true,"href":"https:\/\/angaje.org\/en\/wp-json\/wp\/v2\/comments?post=89"}],"version-history":[{"count":2,"href":"https:\/\/angaje.org\/en\/wp-json\/wp\/v2\/pages\/89\/revisions"}],"predecessor-version":[{"id":115,"href":"https:\/\/angaje.org\/en\/wp-json\/wp\/v2\/pages\/89\/revisions\/115"}],"wp:featuredmedia":[{"embeddable":true,"href":"https:\/\/angaje.org\/en\/wp-json\/wp\/v2\/media\/8"}],"wp:attachment":[{"href":"https:\/\/angaje.org\/en\/wp-json\/wp\/v2\/media?parent=89"}],"curies":[{"name":"wp","href":"https:\/\/api.w.org\/{rel}","templated":true}]}}