{"id":108,"date":"2023-03-04T23:03:29","date_gmt":"2023-03-05T04:03:29","guid":{"rendered":"https:\/\/angaje.org\/?page_id=108"},"modified":"2023-03-04T23:19:24","modified_gmt":"2023-03-05T04:19:24","slug":"conditions-dutilisation","status":"publish","type":"page","link":"https:\/\/angaje.org\/en\/conditions-dutilisation","title":{"rendered":"Conditions d&rsquo;utilisation"},"content":{"rendered":"<blockquote><p>Conditions d&rsquo;utilisation de l&rsquo;Association Nationale des Grands Activistes pour une Jeunesse \u00c9duqu\u00e9e (ANGAJE)<\/p><\/blockquote>\n<p>En utilisant notre site web, vous acceptez ces conditions d&rsquo;utilisation. Si vous n&rsquo;acceptez pas ces conditions, veuillez ne pas utiliser notre site.<\/p>\n<p>Contenu du site Le contenu de notre site web est fourni \u00e0 titre informatif seulement. Nous nous effor\u00e7ons de fournir des informations exactes et \u00e0 jour, mais nous ne pouvons garantir que toutes les informations seront compl\u00e8tes, pr\u00e9cises et \u00e0 jour en tout temps.<\/p>\n<p>Propri\u00e9t\u00e9 intellectuelle Tout le contenu pr\u00e9sent\u00e9 sur notre site web, y compris mais sans s&rsquo;y limiter, les textes, les graphiques, les images, les logos, les ic\u00f4nes, les logiciels, les fichiers audio et vid\u00e9o, est prot\u00e9g\u00e9 par les lois sur les droits d&rsquo;auteur et les marques de commerce. Vous acceptez de respecter tous les droits de propri\u00e9t\u00e9 intellectuelle associ\u00e9s \u00e0 notre site web.<\/p>\n<p>Utilisation autoris\u00e9e Notre site web peut \u00eatre utilis\u00e9 \u00e0 des fins personnelles, non commerciales, pour acc\u00e9der \u00e0 des informations et interagir avec notre organisation. Toute utilisation non autoris\u00e9e, y compris mais sans s&rsquo;y limiter, la reproduction, la modification, la distribution ou la transmission de tout contenu de notre site web est strictement interdite.<\/p>\n<p>Liens vers d&rsquo;autres sites web Notre site web peut contenir des liens vers d&rsquo;autres sites web. Nous ne sommes pas responsables du contenu ou de la politique de confidentialit\u00e9 de ces sites tiers. Nous ne soutenons ni ne recommandons aucun produit, service ou information fournis par ces sites tiers.<\/p>\n<p>Limitation de responsabilit\u00e9 Nous d\u00e9clinons toute responsabilit\u00e9 pour les pertes ou les dommages indirects, accessoires, sp\u00e9ciaux, cons\u00e9cutifs ou punitifs d\u00e9coulant de l&rsquo;utilisation ou de l&rsquo;incapacit\u00e9 d&rsquo;utiliser notre site web.<\/p>\n<p>Modifications des conditions d&rsquo;utilisation Nous nous r\u00e9servons le droit de modifier ces conditions d&rsquo;utilisation \u00e0 tout moment. Tout changement sera publi\u00e9 sur notre site web et entrera en vigueur imm\u00e9diatement.<\/p>\n<p>Si vous avez des questions ou des pr\u00e9occupations concernant nos conditions d&rsquo;utilisation, veuillez nous contacter \u00e0 l&rsquo;adresse e-mail ou postale fournie sur notre site web.<\/p>","protected":false},"excerpt":{"rendered":"<p>Conditions d&rsquo;utilisation de l&rsquo;Association Nationale des Grands Activistes pour une Jeunesse \u00c9duqu\u00e9e (ANGAJE) En utilisant notre site web, vous acceptez ces conditions d&rsquo;utilisation. Si vous n&rsquo;acceptez pas ces conditions, veuillez &#8230;<\/p>","protected":false},"author":2,"featured_media":8,"parent":0,"menu_order":0,"comment_status":"closed","ping_status":"closed","template":"","meta":{"_seopress_robots_primary_cat":"","_seopress_titles_title":"","_seopress_titles_desc":"","_seopress_robots_index":"","footnotes":""},"class_list":["post-108","page","type-page","status-publish","has-post-thumbnail","hentry"],"jetpack_sharing_enabled":true,"_links":{"self":[{"href":"https:\/\/angaje.org\/en\/wp-json\/wp\/v2\/pages\/108","targetHints":{"allow":["GET"]}}],"collection":[{"href":"https:\/\/angaje.org\/en\/wp-json\/wp\/v2\/pages"}],"about":[{"href":"https:\/\/angaje.org\/en\/wp-json\/wp\/v2\/types\/page"}],"author":[{"embeddable":true,"href":"https:\/\/angaje.org\/en\/wp-json\/wp\/v2\/users\/2"}],"replies":[{"embeddable":true,"href":"https:\/\/angaje.org\/en\/wp-json\/wp\/v2\/comments?post=108"}],"version-history":[{"count":1,"href":"https:\/\/angaje.org\/en\/wp-json\/wp\/v2\/pages\/108\/revisions"}],"predecessor-version":[{"id":111,"href":"https:\/\/angaje.org\/en\/wp-json\/wp\/v2\/pages\/108\/revisions\/111"}],"wp:featuredmedia":[{"embeddable":true,"href":"https:\/\/angaje.org\/en\/wp-json\/wp\/v2\/media\/8"}],"wp:attachment":[{"href":"https:\/\/angaje.org\/en\/wp-json\/wp\/v2\/media?parent=108"}],"curies":[{"name":"wp","href":"https:\/\/api.w.org\/{rel}","templated":true}]}}