{"id":102,"date":"2023-03-04T23:01:16","date_gmt":"2023-03-05T04:01:16","guid":{"rendered":"https:\/\/angaje.org\/?page_id=102"},"modified":"2023-03-04T23:23:14","modified_gmt":"2023-03-05T04:23:14","slug":"politique-de-confidentialite","status":"publish","type":"page","link":"https:\/\/angaje.org\/en\/politique-de-confidentialite","title":{"rendered":"Politique de confidentialit\u00e9"},"content":{"rendered":"<blockquote><p>Politique de confidentialit\u00e9 de l&rsquo;Association Nationale des Grands Activistes pour une Jeunesse \u00c9duqu\u00e9e (ANGAJE)<\/p><\/blockquote>\n<p>Chez ANGAJE, nous prenons la confidentialit\u00e9 de nos visiteurs et membres tr\u00e8s au s\u00e9rieux. Nous nous engageons \u00e0 prot\u00e9ger et \u00e0 respecter votre vie priv\u00e9e conform\u00e9ment \u00e0 la l\u00e9gislation en vigueur sur la protection des donn\u00e9es.<\/p>\n<p>Collecte et utilisation des donn\u00e9es personnelles Nous collectons et utilisons uniquement les donn\u00e9es personnelles n\u00e9cessaires \u00e0 la prestation de nos services et \u00e0 la communication avec nos membres et visiteurs. Ces informations peuvent inclure votre nom, votre adresse e-mail, votre adresse postale, votre num\u00e9ro de t\u00e9l\u00e9phone, votre date de naissance et toute autre information que vous nous fournissez volontairement.<\/p>\n<p>Nous pouvons utiliser ces informations pour vous envoyer des mises \u00e0 jour sur nos activit\u00e9s, des invitations \u00e0 des \u00e9v\u00e9nements ou pour vous contacter au sujet de vos activit\u00e9s au sein de l&rsquo;organisation.<\/p>\n<p>Protection et s\u00e9curit\u00e9 des donn\u00e9es personnelles Nous prenons toutes les mesures n\u00e9cessaires pour prot\u00e9ger les donn\u00e9es personnelles de nos membres et visiteurs. Nous utilisons des outils de s\u00e9curit\u00e9 pour pr\u00e9venir tout acc\u00e8s non autoris\u00e9, toute divulgation, toute alt\u00e9ration ou toute destruction de donn\u00e9es personnelles.<\/p>\n<p>Partage de donn\u00e9es personnelles Nous ne partageons pas vos donn\u00e9es personnelles avec des tiers sans votre consentement. Nous pouvons cependant divulguer des informations si nous sommes l\u00e9galement tenus de le faire ou si cela est n\u00e9cessaire pour prot\u00e9ger nos droits ou ceux des autres membres.<\/p>\n<p>Vos droits Vous avez le droit de demander l&rsquo;acc\u00e8s, la rectification ou la suppression de vos donn\u00e9es personnelles. Vous pouvez \u00e9galement demander la restriction ou l&rsquo;opposition au traitement de vos donn\u00e9es personnelles. Vous pouvez exercer ces droits en nous contactant \u00e0 l&rsquo;adresse e-mail ou postale fournie sur notre site web.<\/p>\n<p>Modifications de la politique de confidentialit\u00e9 Nous nous r\u00e9servons le droit de modifier cette politique de confidentialit\u00e9 \u00e0 tout moment. Tout changement sera publi\u00e9 sur notre site web et entrera en vigueur imm\u00e9diatement.<\/p>\n<p>Si vous avez des questions ou des pr\u00e9occupations concernant notre politique de confidentialit\u00e9, veuillez nous contacter \u00e0 l&rsquo;adresse e-mail ou postale fournie sur notre site web.<\/p>","protected":false},"excerpt":{"rendered":"<p>Politique de confidentialit\u00e9 de l&rsquo;Association Nationale des Grands Activistes pour une Jeunesse \u00c9duqu\u00e9e (ANGAJE) Chez ANGAJE, nous prenons la confidentialit\u00e9 de nos visiteurs et membres tr\u00e8s au s\u00e9rieux. Nous nous &#8230;<\/p>","protected":false},"author":2,"featured_media":8,"parent":0,"menu_order":0,"comment_status":"closed","ping_status":"closed","template":"","meta":{"_seopress_robots_primary_cat":"","_seopress_titles_title":"","_seopress_titles_desc":"","_seopress_robots_index":"","footnotes":""},"class_list":["post-102","page","type-page","status-publish","has-post-thumbnail","hentry"],"jetpack_sharing_enabled":true,"_links":{"self":[{"href":"https:\/\/angaje.org\/en\/wp-json\/wp\/v2\/pages\/102","targetHints":{"allow":["GET"]}}],"collection":[{"href":"https:\/\/angaje.org\/en\/wp-json\/wp\/v2\/pages"}],"about":[{"href":"https:\/\/angaje.org\/en\/wp-json\/wp\/v2\/types\/page"}],"author":[{"embeddable":true,"href":"https:\/\/angaje.org\/en\/wp-json\/wp\/v2\/users\/2"}],"replies":[{"embeddable":true,"href":"https:\/\/angaje.org\/en\/wp-json\/wp\/v2\/comments?post=102"}],"version-history":[{"count":3,"href":"https:\/\/angaje.org\/en\/wp-json\/wp\/v2\/pages\/102\/revisions"}],"predecessor-version":[{"id":107,"href":"https:\/\/angaje.org\/en\/wp-json\/wp\/v2\/pages\/102\/revisions\/107"}],"wp:featuredmedia":[{"embeddable":true,"href":"https:\/\/angaje.org\/en\/wp-json\/wp\/v2\/media\/8"}],"wp:attachment":[{"href":"https:\/\/angaje.org\/en\/wp-json\/wp\/v2\/media?parent=102"}],"curies":[{"name":"wp","href":"https:\/\/api.w.org\/{rel}","templated":true}]}}